{"id":6936,"date":"2020-11-05T18:28:13","date_gmt":"2020-11-05T18:28:13","guid":{"rendered":"https:\/\/drweb.ch\/?page_id=6936"},"modified":"2020-12-03T19:09:49","modified_gmt":"2020-12-03T19:09:49","slug":"geschaeftskunden","status":"publish","type":"page","link":"https:\/\/f-fischerag.ch\/index.php\/geschaeftskunden\/","title":{"rendered":"Gesch\u00e4ftskunden"},"content":{"rendered":"<p><div  id = 'column_data' class='column dt-sc-one-column  no-space first'  ><aside id=\"rev-slider-widget-1-mq\" class=\"widget  widget_revslider\">\n\t\t\t\t<p class=\"rs-p-wp-fix\"><\/p>\n\t\t\t\t<sr7-module data-alias=\"Geschftskunden\" data-id=\"39\" id=\"SR7_39_1\" class=\"rs-ov-hidden\" data-version=\"6.7.34\">\n\t\t\t\t\t<sr7-adjuster><\/sr7-adjuster>\n\t\t\t\t\t<sr7-content>\n\t\t\t\t\t\t<sr7-slide id=\"SR7_39_1-59\" data-key=\"59\">\n\t\t\t\t\t\t\t<sr7-bg id=\"SR7_39_1-59-11\" class=\"sr7-layer\"><noscript><img decoding=\"async\" src=\"https:\/\/drweb.ch\/wp-content\/uploads\/2019\/04\/writing-1149962_1920.jpg\" alt=\"\" title=\"writing-1149962_1920\"><\/noscript><\/sr7-bg>\n\t\t\t\t\t\t\t<a id=\"SR7_39_1-59-1\" class=\"sr7-layer\" href=\"https:\/\/drweb.ch\/index.php\/privatkunden\/\" target=\"_self\" rel=\"nofollow\">Gesch\u00e4ftskunden<\/a>\n\t\t\t\t\t\t\t<sr7-txt id=\"SR7_39_1-59-4\" class=\"sr7-layer\">Betreuung von Gesch\u00e4ftskunden<\/sr7-txt>\n\t\t\t\t\t\t\t<sr7-txt id=\"SR7_39_1-59-8\" class=\"sr7-layer\"><i class=\"pe-7s-paper-plane\"><\/i><\/sr7-txt>\n\t\t\t\t\t\t<\/sr7-slide>\n\t\t\t\t\t\t<sr7-slide id=\"SR7_39_1-142\" data-key=\"142\">\n\t\t\t\t\t\t<\/sr7-slide>\n\t\t\t\t\t<\/sr7-content>\n\t\t\t\t\t<image_lists style=\"display:none\">\n\t\t\t\t\t\t<img data-src=\"\/\/drweb.ch\/wp-content\/uploads\/2019\/04\/writing-1149962_1920.jpg\" data-libid=\"5789\" data-lib=\"medialibrary\" title=\"writing-1149962_1920\" width=\"0\" height=\"0\" data-dbsrc=\"Ly9kcndlYi5jaC93cC1jb250ZW50L3VwbG9hZHMvMjAxOS8wNC93cml0aW5nLTExNDk5NjJfMTkyMC5qcGc=\"\/>\n\t\t\t\t\t<\/image_lists>\n\t\t\t\t<\/sr7-module>\n\t\t\t\t<script>\n\t\t\t\t\tSR7.PMH ??={}; SR7.PMH[\"SR7_39_1\"] = {cn:100,state:false,fn: function() { if (_tpt!==undefined && _tpt.prepareModuleHeight !== undefined) {  _tpt.prepareModuleHeight({id:\"SR7_39_1\",el:[400,400,500,400,300],type:'hero',shdw:'0',gh:[400,400,200,200,100],gw:[1240,1240,1024,778,480],vpt:['-200px&#039;,&#039;-200px&#039;,&#039;-200px&#039;,&#039;-200px&#039;,&#039;-200px'],size:{fullWidth:true, fullHeight:false},mh:'0',onh:0,onw:0,bg:{color:'{\"orig\":\"transparent\",\"type\":\"solid\",\"string\":\"transparent\"}'},plType:'-1',plColor:'#FFFFFF'});   SR7.PMH[\"SR7_39_1\"].state=true;} else if(SR7.PMH[\"SR7_39_1\"].cn-->0)\tsetTimeout( SR7.PMH[\"SR7_39_1\"].fn,19);}};SR7.PMH[\"SR7_39_1\" ].fn();\n\t\t\t\t<\/script>\n<\/aside><\/div><div  id = 'column_data' class='column dt-sc-one-column  space first'  ><div class=\"dt-sc-hr-invisible \"><\/div>\n<div class=\"dt-sc-clear\"><\/div>\n<div class=\"intro-text type5 \">\n<p><a href=\"#\"><img decoding=\"async\" class=\"alignleft\" src=\"https:\/\/f-fischerag.ch\/wp-content\/uploads\/2019\/04\/office-1209640_1920.jpg\" alt=\"logo\"><\/a><\/p>\n<h4>Rechnungswesen<\/h4>\n<ul class=\"dt-sc-fancy-list palebrown rounded-arrow\">\n<li>Planung und Organisation des Rechnungswesens<\/li>\n<li>F\u00fchrung von Finanz-, Betriebs-, Lohn-, Liegenschafts- und Gesch\u00e4ftsbuchhaltungen unter Ber\u00fccksichtigung der branchenspezifischen Gegebenheiten<\/li>\n<li>Ausarbeitung von Budgets, Investitions- und Rentabilit\u00e4tsrechnungen<\/li>\n<li>Erstellen von Erfolgs- und Bilanzanalysen, Mittelflussrechnungen<\/li>\n<li>Ausarbeitung von Zwischen- und Jahresabschl\u00fcssen inklusive Abschlussberatung<\/li>\n<li>Erstellen von Abrechnungen (Mehrwertsteuer, Sozial- und Personalversicherungen)<\/li>\n<p><a href=\"https:\/\/f-fischerag.ch\/index.php\/contact-form-7-id84-titlekontak\/\" target=\"_blank\" class=\"dt-sc-button medium \" rel=\"noopener noreferrer\">KONTAKTIEREN SIE UNS<\/a><\/p>\n<\/ul>\n<\/div>\n<div class=\"dt-sc-hr-invisible \"><\/div>\n<div class=\"dt-sc-clear\"><\/div>\n<div class=\"intro-text type5 \">\n<p><a href=\"#\"><img decoding=\"async\" class=\"alignleft\" src=\"https:\/\/f-fischerag.ch\/wp-content\/uploads\/2019\/04\/book-731199_1920.jpg\" alt=\"logo\"><\/a><\/p>\n<h4>Steuerberatung<\/h4>\n<ul class=\"dt-sc-fancy-list palebrown rounded-arrow\">\n<li>Steuerplanung &amp; -optimierung<\/li>\n<li>Ausfertigung Steuererkl\u00e4rungen<\/li>\n<li>Vertretung vor Steuerbeh\u00f6rden<\/li>\n<li>Pr\u00fcfung von Steuerveranlagungen und Steuerrechnungen<\/li>\n<li>Ausfertigung von Einsprache- und Rekursschriften<\/li>\n<p><a href=\"https:\/\/f-fischerag.ch\/index.php\/kontakt\/\" target=\"_blank\" class=\"dt-sc-button medium \" rel=\"noopener noreferrer\">KONTAKTIEREN SIE UNS<\/a><\/p>\n<\/ul>\n<\/div>\n<div class=\"dt-sc-hr-invisible \"><\/div>\n<div class=\"dt-sc-clear\"><\/div>\n<div class=\"intro-text type5 \">\n<p><a href=\"#\"><img decoding=\"async\" class=\"alignleft\" src=\"https:\/\/f-fischerag.ch\/wp-content\/uploads\/revslider\/magazine1.jpg\" alt=\"logo\"><\/a><\/p>\n<h4>Personalwesen<\/h4>\n<ul class=\"dt-sc-fancy-list palebrown rounded-arrow\">\n<li>Erstellen von Lohnabrechnungen<\/li>\n<li>F\u00fchren der Lohnbuchhaltung<\/li>\n<li>Vornahme Personalmutationen<\/li>\n<li>Lohnmeldungen an die Versicherungen<\/li>\n<li>Beratung und Erstellung von Vertr\u00e4gen<\/li>\n<p><a href=\"https:\/\/f-fischerag.ch\/index.php\/contact-form-7-id84-titlekontak\/\" target=\"_blank\" class=\"dt-sc-button medium \" rel=\"noopener noreferrer\">KONTAKTIEREN SIE UNS<\/a><\/p>\n<\/ul>\n<\/div>\n<div class=\"dt-sc-hr-invisible \"><\/div>\n<div class=\"dt-sc-clear\"><\/div>\n<div class=\"intro-text type5 \">\n<p><a href=\"#\"><img decoding=\"async\" class=\"alignleft\" src=\"https:\/\/f-fischerag.ch\/wp-content\/uploads\/revslider\/niceandclean_video\/videobgimage.jpg\" alt=\"logo\"><\/a><\/p>\n<h4>Unternehmensentwicklung<\/h4>\n<ul class=\"dt-sc-fancy-list palebrown rounded-arrow\">\n<li>Beratung bei Gr\u00fcndung von Gesellschaften, sowie bei Unternehmensfusionen und -Abspaltungen<\/li>\n<li>Mithilfe bei Nachfolgeregelungen<\/li>\n<li>Unternehmensbewertungen<\/li>\n<li>Beratung bei Unternehmensk\u00e4ufen &amp; -verk\u00e4ufen<\/li>\n<li>Durchf\u00fchrung von Sanierungen, Liquidationen und aussergerichtlichen Nachlassvertr\u00e4gen<\/li>\n<li>\u00dcbernahme von bestimmten gesch\u00e4ftsf\u00fchrenden Funktionen<\/li>\n<li>Allgemeine Verwaltungen und Treuhandfunktonen<\/li>\n<p><a href=\"https:\/\/f-fischerag.ch\/index.php\/kontakt\/\" target=\"_blank\" class=\"dt-sc-button medium \" rel=\"noopener noreferrer\">KONTAKTIEREN SIE UNS<\/a><\/p>\n<\/ul>\n<\/div>\n<div class=\"dt-sc-hr-invisible \"><\/div>\n<div class=\"dt-sc-clear\"><\/div>\n<div class=\"intro-text type5 \">\n<p><a href=\"#\"><img decoding=\"async\" class=\"alignleft\" src=\"https:\/\/f-fischerag.ch\/wp-content\/uploads\/2020\/01\/consulting-3031678_1920.jpg\" alt=\"logo\"><\/a><\/p>\n<h4>Rechtsberatung<\/h4>\n<ul class=\"dt-sc-fancy-list palebrown rounded-arrow\">\n<li>Gesellschaftsgr\u00fcndungen<\/li>\n<li>Ausarbeiten von Aktion\u00e4rsbindungsvertr\u00e4gen<\/li>\n<li>Vertragsrecht<\/li>\n<p><a href=\"https:\/\/f-fischerag.ch\/index.php\/kontakt\/\" target=\"_blank\" class=\"dt-sc-button medium \" rel=\"noopener noreferrer\">KONTAKTIEREN SIE UNS<\/a><\/p>\n<\/ul>\n<\/div>\n<div class='dt-sc-hr-invisible-small  '><\/div><div class='dt-sc-hr-invisible-small  '><\/div>\n<div class='dt-sc-testimonial type5 '><blockquote><q><strong>Gesch\u00e4ftskunden <\/strong> \u00abWir unterst\u00fctzen Sie als Sparringpartner in s\u00e4mtlichen unternehmerischen Fragestellungen.\u00bb<\/q><\/blockquote><div class='author'><img src='https:\/\/f-fischerag.ch\/wp-content\/uploads\/2020\/11\/image11.jpeg' alt=' Flavio Th\u00fcrig ' title=' Flavio Th\u00fcrig ' \/><\/div><cite><a href='javascript:void(0)'> Flavio Th\u00fcrig <\/a><span>dipl. Treuhandexperte<\/span><\/cite><\/div><\/div><\/p>\n","protected":false},"excerpt":{"rendered":"","protected":false},"author":3,"featured_media":0,"parent":0,"menu_order":0,"comment_status":"closed","ping_status":"closed","template":"","meta":{"footnotes":""},"class_list":["post-6936","page","type-page","status-publish","hentry"],"_links":{"self":[{"href":"https:\/\/f-fischerag.ch\/index.php\/wp-json\/wp\/v2\/pages\/6936","targetHints":{"allow":["GET"]}}],"collection":[{"href":"https:\/\/f-fischerag.ch\/index.php\/wp-json\/wp\/v2\/pages"}],"about":[{"href":"https:\/\/f-fischerag.ch\/index.php\/wp-json\/wp\/v2\/types\/page"}],"author":[{"embeddable":true,"href":"https:\/\/f-fischerag.ch\/index.php\/wp-json\/wp\/v2\/users\/3"}],"replies":[{"embeddable":true,"href":"https:\/\/f-fischerag.ch\/index.php\/wp-json\/wp\/v2\/comments?post=6936"}],"version-history":[{"count":74,"href":"https:\/\/f-fischerag.ch\/index.php\/wp-json\/wp\/v2\/pages\/6936\/revisions"}],"predecessor-version":[{"id":8691,"href":"https:\/\/f-fischerag.ch\/index.php\/wp-json\/wp\/v2\/pages\/6936\/revisions\/8691"}],"wp:attachment":[{"href":"https:\/\/f-fischerag.ch\/index.php\/wp-json\/wp\/v2\/media?parent=6936"}],"curies":[{"name":"wp","href":"https:\/\/api.w.org\/{rel}","templated":true}]}}