{"id":5431,"date":"2016-09-12T11:11:22","date_gmt":"2016-09-12T11:11:22","guid":{"rendered":"http:\/\/dummy.wedesignthemes.com\/whistle\/?page_id=5431"},"modified":"2016-09-12T11:11:22","modified_gmt":"2016-09-12T11:11:22","slug":"activities","status":"publish","type":"page","link":"https:\/\/f-fischerag.ch\/index.php\/activities\/","title":{"rendered":"Activities"},"content":{"rendered":"<div class=\"dt-sc-activity-sorting-container\"><a data-filter=\"*\" href=\"#\" class=\"first active-sort\">All<\/a><a href=\"#\" data-filter=\".service\">Immobilien<\/a><a href=\"#\" data-filter=\".service-2\">Personalwesen<\/a><a href=\"#\" data-filter=\".revision\">Revision<\/a><a href=\"#\" data-filter=\".steuern\">Steuern<\/a><a href=\"#\" data-filter=\".treuhand-team\">Treuhand<\/a><\/div><div class=\"dt-sc-activity-container\"><div class=\"activity column dt-sc-one-third revision steuern treuhand-team\"><article id=\"post-7075\" class=\"activity-entry post-7075 dt_activities type-dt_activities status-publish has-post-thumbnail hentry activity_entries-revision activity_entries-steuern activity_entries-treuhand-team\"><div class=\"dt-excersises\"><div class=\"dt-excersise-thumb\"><\/div><div class=\"dt-excersise-detail\"><div class=\"dt-excersise-title\"><h5><a href=\"https:\/\/f-fischerag.ch\/index.php\/dt_activities\/flavio-thuerig\/\">Flavio Th\u00fcrig<\/a><\/h5><p class=\"dt-excersise-meta\">dipl. Betriebs\u00f6konom FH & eidg. dipl. Treuhandexperte<\/p><\/div><div class=\"dt-excersise-content\"><p>Mandatsleiter &amp; Mitglied der Gesch\u00e4ftsleitung Spezialgebiet: Treuhand, Steuern, Revision<\/p><h6>Categories:<\/h6><p class=\"dt-excersise-meta\"> <a href=\"https:\/\/f-fischerag.ch\/index.php\/activity_entries\/revision\/\" rel=\"tag\">Revision<\/a>, <a href=\"https:\/\/f-fischerag.ch\/index.php\/activity_entries\/steuern\/\" rel=\"tag\">Steuern<\/a>, <a href=\"https:\/\/f-fischerag.ch\/index.php\/activity_entries\/treuhand-team\/\" rel=\"tag\">Treuhand<\/a> <\/p><a href=\"https:\/\/f-fischerag.ch\/index.php\/dt_activities\/flavio-thuerig\/\" class=\"dt-sc-button small\">View Activity<\/a><\/div><\/div><\/div><\/article><\/div><div class=\"activity column dt-sc-one-third service treuhand-team\"><article id=\"post-4599\" class=\"activity-entry post-4599 dt_activities type-dt_activities status-publish has-post-thumbnail hentry activity_entries-service activity_entries-treuhand-team\"><div class=\"dt-excersises\"><div class=\"dt-excersise-thumb\"><\/div><div class=\"dt-excersise-detail\"><div class=\"dt-excersise-title\"><h5><a href=\"https:\/\/f-fischerag.ch\/index.php\/dt_activities\/water-surfing\/\">Stefan Fischer<\/a><\/h5><p class=\"dt-excersise-meta\">eidg. dipl. Treuhandexperte & Immobilienbewirtschafter eidg. FA<\/p><\/div><div class=\"dt-excersise-content\"><p>Gesch\u00e4ftsf\u00fchrer &amp; Vorstandsmitglied und Rechnungsf\u00fchrer der ARA Surental Spezialgebiet: Treuhand, Immobilientreuhand<\/p><h6>Categories:<\/h6><p class=\"dt-excersise-meta\"> <a href=\"https:\/\/f-fischerag.ch\/index.php\/activity_entries\/service\/\" rel=\"tag\">Immobilien<\/a>, <a href=\"https:\/\/f-fischerag.ch\/index.php\/activity_entries\/treuhand-team\/\" rel=\"tag\">Treuhand<\/a> <\/p><a href=\"https:\/\/f-fischerag.ch\/index.php\/dt_activities\/water-surfing\/\" class=\"dt-sc-button small\">View Activity<\/a><\/div><\/div><\/div><\/article><\/div><div class=\"activity column dt-sc-one-third service-2\"><article id=\"post-4598\" class=\"activity-entry post-4598 dt_activities type-dt_activities status-publish has-post-thumbnail hentry activity_entries-service-2\"><div class=\"dt-excersises\"><div class=\"dt-excersise-thumb\"><\/div><div class=\"dt-excersise-detail\"><div class=\"dt-excersise-title\"><h5><a href=\"https:\/\/f-fischerag.ch\/index.php\/dt_activities\/snow-skating\/\">Jacqueline Falk-Waller<\/a><\/h5><p class=\"dt-excersise-meta\">Personalfachfrau eidg. FA<\/p><\/div><div class=\"dt-excersise-content\"><p>Mitarbeiterin Spezialgebiet: Personalwesen<\/p><h6>Categories:<\/h6><p class=\"dt-excersise-meta\"> <a href=\"https:\/\/f-fischerag.ch\/index.php\/activity_entries\/service-2\/\" rel=\"tag\">Personalwesen<\/a> <\/p><a href=\"https:\/\/f-fischerag.ch\/index.php\/dt_activities\/snow-skating\/\" class=\"dt-sc-button small\">View Activity<\/a><\/div><\/div><\/div><\/article><\/div><\/div>\n","protected":false},"excerpt":{"rendered":"","protected":false},"author":2,"featured_media":0,"parent":0,"menu_order":0,"comment_status":"closed","ping_status":"closed","template":"","meta":{"footnotes":""},"class_list":["post-5431","page","type-page","status-publish","hentry"],"_links":{"self":[{"href":"https:\/\/f-fischerag.ch\/index.php\/wp-json\/wp\/v2\/pages\/5431","targetHints":{"allow":["GET"]}}],"collection":[{"href":"https:\/\/f-fischerag.ch\/index.php\/wp-json\/wp\/v2\/pages"}],"about":[{"href":"https:\/\/f-fischerag.ch\/index.php\/wp-json\/wp\/v2\/types\/page"}],"author":[{"embeddable":true,"href":"https:\/\/f-fischerag.ch\/index.php\/wp-json\/wp\/v2\/users\/2"}],"replies":[{"embeddable":true,"href":"https:\/\/f-fischerag.ch\/index.php\/wp-json\/wp\/v2\/comments?post=5431"}],"version-history":[{"count":0,"href":"https:\/\/f-fischerag.ch\/index.php\/wp-json\/wp\/v2\/pages\/5431\/revisions"}],"wp:attachment":[{"href":"https:\/\/f-fischerag.ch\/index.php\/wp-json\/wp\/v2\/media?parent=5431"}],"curies":[{"name":"wp","href":"https:\/\/api.w.org\/{rel}","templated":true}]}}